{"id":2,"date":"2021-12-01T11:17:20","date_gmt":"2021-12-01T10:17:20","guid":{"rendered":"https:\/\/latonnarahotel.com\/?page_id=2"},"modified":"2021-12-15T22:50:06","modified_gmt":"2021-12-15T21:50:06","slug":"privacy-policy","status":"publish","type":"page","link":"https:\/\/latonnarahotel.com\/en\/privacy-policy\/","title":{"rendered":"Privacy &#038; Policy"},"content":{"rendered":"<div data-elementor-type=\"wp-page\" data-elementor-id=\"2\" class=\"elementor elementor-2\">\n\t\t\t\t\t\t<section class=\"elementor-section elementor-top-section elementor-element elementor-element-ece67ea elementor-section-boxed elementor-section-height-default elementor-section-height-default\" data-id=\"ece67ea\" data-element_type=\"section\">\n\t\t\t\t\t\t<div class=\"elementor-container elementor-column-gap-default\">\n\t\t\t\t\t<div class=\"elementor-column elementor-col-100 elementor-top-column elementor-element elementor-element-d210152\" data-id=\"d210152\" data-element_type=\"column\">\n\t\t\t<div class=\"elementor-widget-wrap elementor-element-populated\">\n\t\t\t\t\t\t<div class=\"elementor-element elementor-element-1882f89 elementor-widget elementor-widget-text-editor\" data-id=\"1882f89\" data-element_type=\"widget\" data-widget_type=\"text-editor.default\">\n\t\t\t\t<div class=\"elementor-widget-container\">\n\t\t\t\t\t\t\t\t\t<p style=\"text-align: left;\">La presente policy \u00e8 data ai sensi dell\u2019art.13 D. Lgs. 196\/2003 e ai sensi dell\u2019 art. 13 GDPR 679\/ 2016 Regolamento Europeo in materia di privacy, nonch\u00e9 ai sensi del Provvedimento in materia di cookie n. 229 dell\u20198 maggio 2014. Si desidera informare i visitatori del sito circa l\u2019utilizzo dei dati inseriti e dei cookie utilizzati dal sito stesso e informare tutti coloro che interagiscono con i servizi web della Societ\u00e0 La Tonnara Hotel, accessibili per via telematica a partire dall&#8217;indirizzo latonnarahotel.it corrispondente alla pagina iniziale del sito ufficiale dell&#8217;La Tonnara Hotel. In questa pagina si descrivono le modalit\u00e0 di gestione del sito in riferimento al trattamento dei dati personali degli utenti che lo consultano. Il trattamento si basa sempre su principi di liceit\u00e0 e correttezza in ottemperanza a tutte le vigenti normative e vengono adottate idonee misure di sicurezza a protezione dei dati.<\/p><p style=\"text-align: left;\">Il &#8220;titolare&#8221; del trattamento<br \/>Il Titolare del trattamento dei dati personali eventualmente raccolti tramite il sito \u00e8 La Tonnara Hotel, che ha sede a Marina Chiaiolella, 51b &#8211; 80079 Procida (NA).<br \/>Il Titolare del trattamento garantisce la sicurezza, la riservatezza e la protezione di cui sono in possesso, in qualsiasi fase del processo di trattamento degli stessi.<\/p><p style=\"text-align: left;\">Ambito di comunicazione (GDPR-Art.13, comma 1, lett.e,f)<br \/>I trattamenti connessi ai servizi web di questo sito hanno luogo presso la predetta sede della Tonnara Hotel e sono curati solo da personale tecnico incaricato del trattamento, oppure da eventuali incaricati di occasionali operazioni di manutenzione.<br \/>Nessun dato derivante dal servizio web (dati quindi di navigazione sopra specificati e cookies) viene comunicato o diffuso a terzi (salva la comunicazione ad organi giudiziari o di polizia se necessaria).<br \/>I dati sono trattati da personale appositamente incaricato per iscritto al trattamento dei dati (personale amministrativo e addetti ai rapporti col pubblico anche esterni alla Societ\u00e0, addetti alla gestione dei sistemi informativi anche esterni alla Societ\u00e0 che possono anche svolgere funzioni di amministratore di sistema e sono in tal caso nominati tali, personale del settore marketing anche esterni alla Societ\u00e0, stagisti, responsabili del trattamento e loro collaboratori, incaricati del settore specifico a cui \u00e8 rivolta una richiesta, addetti alla gestione del sito anche esterni alla Societ\u00e0) solo qualora il trattamento sia necessario allo svolgimento delle loro mansioni compiendo solo le operazioni necessarie allo svolgimento delle mansioni stesse.<br \/>Il Titolare del trattamento non trasferisce i dati personali in paesi terzi o a organizzazioni internazionali.<\/p><p style=\"text-align: left;\">Finalit\u00e0 e base giuridica del trattamento (GDPR-Art.13, comma 1, lett.c)<br \/>I dati personali forniti dagli utenti sono utilizzati al solo fine di eseguire il servizio o la prestazione richiesta e sono comunicati a terzi incaricati nel solo caso in cui sia a tal fine necessario.<br \/>I sistemi informatici e le procedure software preposte al funzionamento di questo sito web acquisiscono, nel corso del loro normale esercizio, alcuni dati personali la cui trasmissione \u00e8 implicita nell&#8217;uso dei protocolli di comunicazione di Internet. Si tratta di informazioni che non sono raccolte per essere associate a interessati identificati, ma che per loro stessa natura potrebbero, attraverso elaborazioni ed associazioni con dati detenuti da terzi, permettere di identificare gli utenti. In questa categoria di dati rientrano gli indirizzi IP o i nomi a dominio dei computer utilizzati dagli utenti che si connettono al sito, gli indirizzi in notazione URI (Uniform Resource Identifier) delle risorse richieste, l&#8217;orario della richiesta, il metodo utilizzato nel sottoporre la richiesta al server, la dimensione del file ottenuto in risposta, il codice numerico indicante lo stato della risposta data dal server (buon fine, errore, ecc.) ed altri parametri relativi al sistema operativo e all&#8217; ambiente informatico dell&#8217;utente.<br \/>Questi dati vengono utilizzati al solo fine di ricavare informazioni statistiche anonime sull&#8217;uso del sito e per controllarne il corretto funzionamento e vengono cancellati immediatamente dopo l&#8217;elaborazione.<br \/>I dati potrebbero essere utilizzati per l&#8217;accertamento di responsabilit\u00e0 in caso di ipotetici reati informatici ai danni del sito.<br \/>I dati personali sono trattati con strumenti automatizzati per il tempo strettamente necessario a conseguire gli scopi per cui sono stati raccolti. Specifiche misure di sicurezza sono osservate per prevenire la perdita dei dati, usi illeciti o non corretti ed accessi non autorizzati.<\/p><p style=\"text-align: left;\">Conferimento (GDPR-Art.13, comma 2, lett.f)<br \/>L&#8217;invio facoltativo, esplicito e volontario di posta elettronica agli indirizzi indicati su questo sito comporta la successiva acquisizione dell&#8217;indirizzo del mittente nonch\u00e9 degli eventuali altri dati personali inseriti nella missiva al fine di rispondere alle richieste.<br \/>A parte quanto specificato per i dati di navigazione, l&#8217;utente \u00e8 libero di fornire i dati personali riportati nei moduli di richiesta o comunque indicati in contatti.<br \/>Il loro mancato conferimento pu\u00f2 comportare l&#8217;impossibilit\u00e0 di ottenere quanto richiesto.<br \/>L\u2019interessato pu\u00f2 rifiutarsi di conferire al Titolare i suoi dati di navigazione. Per fare ci\u00f2, deve disabilitare seguendo le istruzioni fornite dal browser in uso. La disabilitazione dei cookies pu\u00f2 peggiorare la navigazione delle funzionalit\u00e0 del sito.<\/p><p style=\"text-align: left;\">Riservatezza e Diritto d&#8217;autore<br \/>Questo Sito Web \u00e8 realizzato, reso operativo e gestito dalla Tonnara Hotel, societ\u00e0 registrata in Italia. La sede legale \u00e8 sita in Marina Chiaiolella, 51b &#8211; 80079 Procida (NA)<br \/>Uso dei materiali presenti su questo website: Tutte le informazioni, gli artworks, testi, video, audio, immagini, software e altre propriet\u00e0 intellettuali (Definiti nell&#8217;insieme &#8220;Materiali&#8221;) contenuti in questo website sono protetti da copyright e dalle leggi internazionali sul diritti di autore.<br \/>I materiali sono accessibili al solo scopo educativo ed informativo. E&#8217; vietata la riproduzione, la distribuzione, la pubblicazione, la modifica dei Materiali senza il legittimo consenso della Tonnara Hotel e dei rispettivi autori. E&#8217; vietato il linkaggio diretto a qualsiasi dei file multimediali presenti su questo website. I prodotti, la tecnologia o i processi descritti ed i contenuti di questo website possono essere direttamente o indirettamente oggetto di altri diritti di propriet\u00e0 intellettuale riservati alla Societ\u00e0 o a terze parti in licenza. L&#8217;utente non acquisisce nessun diritto di propriet\u00e0 neppure su questi. Sulle pagine di questo Sito si possono trovare collegamenti ipertestuali con altri siti web, proposti per fornire un servizio migliore e che hanno mero scopo informativo.<br \/>Essi sono indipendenti dal controllo della Societ\u00e0 la quale non \u00e8 in alcun modo responsabile, n\u00e8 fornisce garanzie, rispetto al loro contenuto. La presenza di qualsiasi collegamento a e da tali siti non implica che la Tonnara Hotel approvi, garantisca o raccomandi questi siti, i loro provider, prodotti e\/o servizi.<\/p><p style=\"text-align: left;\">Diritti dell&#8217;utente\/interessato<br \/>L\u2019Utente pu\u00f2 sempre, in ogni momento, chiedere l\u2019interruzione del Trattamento o la cancellazione e\/o la limitazione dei Dati. Con riferimento all\u2019art.23 del D.Lgs. 196\/2003 e all\u2019art. 6 del GDPR 679\/16, l\u2019interessato pu\u00f2 revocare il consenso in qualsiasi momento.<br \/>Con riferimento all\u2019art.7 del D.Lgs. 196\/2003 e agli art. 15 \u201c diritto all\u2019accesso\u201d , art. 16 \u201cdiritto di rettifica\u201d, art. 17 \u201cdiritto alla cancellazione\u201d, art. 18 \u201cdiritto alla limitazione del trattamento\u201d, art. 20 \u201cdiritto alla portabilit\u00e0\u201d, art.21 \u201cdiritto di opposizione al processo decisionale automatizzato del GDPR 679\/2016, l\u2019interessato esercita i suoi diritti scrivendo al Titolare del trattamente al seguente indirizzo: La Tonnara Hotel, Marina Chiaiolella, 51b &#8211; 80079 Procida (NA). o all&#8217;indirizzo mail: info@latonnarahotel.it.<\/p><p style=\"text-align: left;\">Newsletter<br \/>Previo consenso espresso liberamente, in modo esplicito e in forma differenziata rispetto alle diverse finalit\u00e0 di trattamento, selezionando la casella &#8220;S\u00ec&#8221; presente nei form di registrazione alla newsletter, i dati personali potranno essere trattati per l&#8217;invio tramite posta elettronica di informazioni commerciali, materiale pubblicitario e promozionale relative a Servizi della Tonnara Hotel e\/o a servizi o prodotti di terzi selezionate in base ai dati conferiti nel relativo form di registrazione.<br \/>Il consenso per la finalit\u00e0 di trattamento di cui al presente punto \u00e8 facoltativo; pertanto, a seguito di un eventuale diniego i dati saranno trattati per le sole finalit\u00e0 indicate in precedenza.<br \/>Sar\u00e0 possibile anche successivamente all&#8217;iscrizione, in modo automatico e senza costi, opporsi al trattamento dei dati e non ricevere comunicazioni promozionali e\/o commerciali, mantenendo l&#8217;iscrizione ai Servizi, cliccando sull&#8217;apposito link presente a fondo pagina in tutte le comunicazioni pubblicitarie inviate dalla Tonnara Hotel.<br \/>Cookie policy<br \/>I cookie sono file di testo che vengono scaricati dal browser quando si visita un sito web. Ad ogni visita successiva i cookie sono reinviati al sito web che li ha originati o a un altro sito che li riconosce (cookie di terze parti).<br \/>I cookie hanno diverse finalit\u00e0 quali consentire di navigare efficientemente tra le pagine, ricordare i siti preferiti e, in generale, migliorare l&#8217;esperienza di navigazione. Essi consentono di garantire che i contenuti pubblicitari visualizzati online siano pi\u00f9 mirati all&#8217;utente e ai suoi interessi. I cookie possono suddivisi in cookie tecnici, cookie di profilazione, cookie di terze parti.<\/p><p style=\"text-align: left;\">Cookie tecnici<br \/>I cookie tecnici sono quelli il cui uso non richiede il consenso dell&#8217;utente ai sensi dell&#8217;art. 122 comma 1 del D.Lgs. 196\/2003. Essi abilitano funzioni senza le quali non sarebbe possibile utilizzare appieno il sito.<br \/>Si tratta di cookie essenziali che non possono essere disabilitati senza compromettere funzioni del Sito.<br \/>Rientrano nell&#8217;ambito dei cookie tecnici anche quelli utilizzati per analizzare statisticamente gli accessi o le visite al sito, detti anche &#8220;analytics&#8221;, che perseguono esclusivamente scopi statistici e raccolgono informazioni in forma aggregata senza possibilit\u00e0 di risalire alla identificazione del singolo utente. Questi cookie possono essere disattivati e\/o eliminati attraverso le impostazioni del browser.<br \/>Di seguito, per ciascun cookie tecnico potenzialmente utilizzato riportiamo il nome e le finalit\u00e0 di utilizzo.<\/p><p style=\"text-align: left;\">Google Analytics (Google)<br \/>latonnarahotel.it utilizza il servizio di Google Analytics in forma anonima (senza riconoscimento dell&#8217;IP utente) per monitorare e analizzare i dati di traffico, tenendo traccia in forma anonima del comportamento dell&#8217;Utente. Google Analytics \u00e8 un servizio di analisi web fornito da Google Inc. (&#8220;Google&#8221;). Google utilizza i Dati Personali raccolti allo scopo di tracciare ed esaminare l&#8217;utilizzo di questo sito, compilare report e condividerli con gli altri servizi sviluppati da Google.<br \/>Le informazioni generate dal cookie sull&#8217;utilizzo del sito web da parte Vostra (compreso il Vostro indirizzo IP) verranno trasmesse a, e depositate presso i server di Google negli Stati Uniti. Google utilizzer\u00e0 queste informazioni allo scopo di tracciare e esaminare il Vostro utilizzo del sito web, compilare report sulle attivit\u00e0 del sito web per gli operatori del sito web e fornire altri servizi relativi alle attivit\u00e0 del sito web e all&#8217;utilizzo di Internet. Google pu\u00f2 anche trasferire queste informazioni a terzi ove ci\u00f2 sia imposto dalla legge o laddove tali terzi trattino le suddette informazioni per conto di Google.<br \/>Google non assocer\u00e0 il vostro indirizzo IP a nessun altro dato posseduto da Google. Potete rifiutarvi di usare i cookies selezionando l&#8217;impostazione appropriata sul vostro browser, ma ci\u00f2 potrebbe impedirvi di utilizzare tutte le funzionalit\u00e0 di questo sito web. Utilizzando il presente sito web, voi acconsentite al trattamento dei Vostri dati da parte di Google per le modalit\u00e0 e i fini sopraindicati. Luogo del trattamento: USA &#8211; Privacy Policy.<\/p><p style=\"text-align: left;\">Cookie di profilazione<br \/>I cookie di profilazione perseguono finalit\u00e0 di analisi dei comportamenti dell&#8217;utente a fini di marketing e richiedono un esplicito consenso. Questo sito NON utilizza cookie di profilazione.<\/p><p style=\"text-align: left;\">Cookie di terze parti<br \/>Nel corso della navigazione l&#8217;utente potrebbe ricevere sul suo terminale anche cookie di siti o di web server diversi (c.d. cookie di &#8220;terze parti&#8221;). Tali cookie sono impostati direttamente da gestori di siti web o server Terzi, per l&#8217;erogazione di funzioni \/ servizi addizionali. Questi cookie sono possono essere disattivati e\/o eliminati attraverso le impostazioni del browser. Se l&#8217;utente decide di non concedere l&#8217;autorizzazione per l&#8217;impiego di cookie di terze parti, potranno essere utilizzate esclusivamente le funzioni del Sito che non richiedono tali cookie.<\/p><p style=\"text-align: left;\">Pulsante Mi Piace e widget sociali di Facebook (Facebook, Inc.)<br \/>Il pulsante &#8220;Mi Piace&#8221; e i widget sociali di Facebook sono servizi di interazione con il social network Facebook, forniti da Facebook, Inc.<br \/>Dati personali raccolti: Cookie e Dati di utilizzo.<br \/>Luogo del trattamento : USA &#8211; Privacy Policy.<\/p><p style=\"text-align: left;\">Pulsante Tweet e widget sociali di Twitter (Twitter)<br \/>Il pulsante Tweet e i widget sociali di Twitter sono servizi di interazione con il social network Twitter, forniti da Twitter Inc.<br \/>Dati personali raccolti: Cookie e Dati di utilizzo.<br \/>Luogo del trattamento : USA &#8211; Privacy Policy.<\/p>\t\t\t\t\t\t\t\t<\/div>\n\t\t\t\t<\/div>\n\t\t\t\t\t<\/div>\n\t\t<\/div>\n\t\t\t\t\t<\/div>\n\t\t<\/section>\n\t\t\t\t<\/div>","protected":false},"excerpt":{"rendered":"<p>La presente policy \u00e8 data ai sensi dell\u2019art.13 D. Lgs. 196\/2003 e ai sensi dell\u2019 art. 13 GDPR 679\/ 2016 Regolamento Europeo in materia di privacy, nonch\u00e9 ai sensi del Provvedimento in materia di cookie n. 229 dell\u20198 maggio 2014. Si desidera informare i visitatori del sito circa l\u2019utilizzo dei dati inseriti e dei cookie [&hellip;]<\/p>","protected":false},"author":1,"featured_media":0,"parent":0,"menu_order":0,"comment_status":"closed","ping_status":"open","template":"elementor_header_footer","meta":{"footnotes":""},"class_list":["post-2","page","type-page","status-publish","hentry"],"yoast_head":"<!-- This site is optimized with the Yoast SEO plugin v27.4 - https:\/\/yoast.com\/product\/yoast-seo-wordpress\/ -->\n<title>Privacy &amp; Policy - La Tonnara Hotel Procida<\/title>\n<meta name=\"robots\" content=\"index, follow, max-snippet:-1, max-image-preview:large, max-video-preview:-1\" \/>\n<link rel=\"canonical\" href=\"https:\/\/latonnarahotel.com\/en\/privacy-policy\/\" \/>\n<meta property=\"og:locale\" content=\"en_GB\" \/>\n<meta property=\"og:type\" content=\"article\" \/>\n<meta property=\"og:title\" content=\"Privacy &amp; Policy - La Tonnara Hotel Procida\" \/>\n<meta property=\"og:description\" content=\"La presente policy \u00e8 data ai sensi dell\u2019art.13 D. Lgs. 196\/2003 e ai sensi dell\u2019 art. 13 GDPR 679\/ 2016 Regolamento Europeo in materia di privacy, nonch\u00e9 ai sensi del Provvedimento in materia di cookie n. 229 dell\u20198 maggio 2014. Si desidera informare i visitatori del sito circa l\u2019utilizzo dei dati inseriti e dei cookie [&hellip;]\" \/>\n<meta property=\"og:url\" content=\"https:\/\/latonnarahotel.com\/en\/privacy-policy\/\" \/>\n<meta property=\"og:site_name\" content=\"La Tonnara Hotel Procida\" \/>\n<meta property=\"article:publisher\" content=\"https:\/\/www.facebook.com\/latonnarahotel\" \/>\n<meta property=\"article:modified_time\" content=\"2021-12-15T21:50:06+00:00\" \/>\n<meta name=\"twitter:card\" content=\"summary_large_image\" \/>\n<meta name=\"twitter:label1\" content=\"Estimated reading time\" \/>\n\t<meta name=\"twitter:data1\" content=\"10 minutes\" \/>\n<script type=\"application\/ld+json\" class=\"yoast-schema-graph\">{\"@context\":\"https:\\\/\\\/schema.org\",\"@graph\":[{\"@type\":\"WebPage\",\"@id\":\"https:\\\/\\\/latonnarahotel.com\\\/privacy-policy\\\/\",\"url\":\"https:\\\/\\\/latonnarahotel.com\\\/privacy-policy\\\/\",\"name\":\"Privacy & Policy - La Tonnara Hotel Procida\",\"isPartOf\":{\"@id\":\"https:\\\/\\\/latonnarahotel.com\\\/#website\"},\"datePublished\":\"2021-12-01T10:17:20+00:00\",\"dateModified\":\"2021-12-15T21:50:06+00:00\",\"breadcrumb\":{\"@id\":\"https:\\\/\\\/latonnarahotel.com\\\/privacy-policy\\\/#breadcrumb\"},\"inLanguage\":\"en-GB\",\"potentialAction\":[{\"@type\":\"ReadAction\",\"target\":[\"https:\\\/\\\/latonnarahotel.com\\\/privacy-policy\\\/\"]}]},{\"@type\":\"BreadcrumbList\",\"@id\":\"https:\\\/\\\/latonnarahotel.com\\\/privacy-policy\\\/#breadcrumb\",\"itemListElement\":[{\"@type\":\"ListItem\",\"position\":1,\"name\":\"Home\",\"item\":\"https:\\\/\\\/latonnarahotel.com\\\/\"},{\"@type\":\"ListItem\",\"position\":2,\"name\":\"Privacy &#038; Policy\"}]},{\"@type\":\"WebSite\",\"@id\":\"https:\\\/\\\/latonnarahotel.com\\\/#website\",\"url\":\"https:\\\/\\\/latonnarahotel.com\\\/\",\"name\":\"La Tonnara Hotel Procida\",\"description\":\"Hotel - Isola di Procida\",\"publisher\":{\"@id\":\"https:\\\/\\\/latonnarahotel.com\\\/#organization\"},\"potentialAction\":[{\"@type\":\"SearchAction\",\"target\":{\"@type\":\"EntryPoint\",\"urlTemplate\":\"https:\\\/\\\/latonnarahotel.com\\\/?s={search_term_string}\"},\"query-input\":{\"@type\":\"PropertyValueSpecification\",\"valueRequired\":true,\"valueName\":\"search_term_string\"}}],\"inLanguage\":\"en-GB\"},{\"@type\":\"Organization\",\"@id\":\"https:\\\/\\\/latonnarahotel.com\\\/#organization\",\"name\":\"La Tonnara Hotel Procida\",\"url\":\"https:\\\/\\\/latonnarahotel.com\\\/\",\"logo\":{\"@type\":\"ImageObject\",\"inLanguage\":\"en-GB\",\"@id\":\"https:\\\/\\\/latonnarahotel.com\\\/#\\\/schema\\\/logo\\\/image\\\/\",\"url\":\"https:\\\/\\\/latonnarahotel.com\\\/wp-content\\\/uploads\\\/2021\\\/12\\\/logo.png\",\"contentUrl\":\"https:\\\/\\\/latonnarahotel.com\\\/wp-content\\\/uploads\\\/2021\\\/12\\\/logo.png\",\"width\":600,\"height\":200,\"caption\":\"La Tonnara Hotel Procida\"},\"image\":{\"@id\":\"https:\\\/\\\/latonnarahotel.com\\\/#\\\/schema\\\/logo\\\/image\\\/\"},\"sameAs\":[\"https:\\\/\\\/www.facebook.com\\\/latonnarahotel\",\"https:\\\/\\\/instagram.com\\\/latonnara.hotel?utm_medium=copy_link\"]}]}<\/script>\n<!-- \/ Yoast SEO plugin. -->","yoast_head_json":{"title":"Privacy & Policy - La Tonnara Hotel Procida","robots":{"index":"index","follow":"follow","max-snippet":"max-snippet:-1","max-image-preview":"max-image-preview:large","max-video-preview":"max-video-preview:-1"},"canonical":"https:\/\/latonnarahotel.com\/en\/privacy-policy\/","og_locale":"en_GB","og_type":"article","og_title":"Privacy & Policy - La Tonnara Hotel Procida","og_description":"La presente policy \u00e8 data ai sensi dell\u2019art.13 D. Lgs. 196\/2003 e ai sensi dell\u2019 art. 13 GDPR 679\/ 2016 Regolamento Europeo in materia di privacy, nonch\u00e9 ai sensi del Provvedimento in materia di cookie n. 229 dell\u20198 maggio 2014. Si desidera informare i visitatori del sito circa l\u2019utilizzo dei dati inseriti e dei cookie [&hellip;]","og_url":"https:\/\/latonnarahotel.com\/en\/privacy-policy\/","og_site_name":"La Tonnara Hotel Procida","article_publisher":"https:\/\/www.facebook.com\/latonnarahotel","article_modified_time":"2021-12-15T21:50:06+00:00","twitter_card":"summary_large_image","twitter_misc":{"Estimated reading time":"10 minutes"},"schema":{"@context":"https:\/\/schema.org","@graph":[{"@type":"WebPage","@id":"https:\/\/latonnarahotel.com\/privacy-policy\/","url":"https:\/\/latonnarahotel.com\/privacy-policy\/","name":"Privacy & Policy - La Tonnara Hotel Procida","isPartOf":{"@id":"https:\/\/latonnarahotel.com\/#website"},"datePublished":"2021-12-01T10:17:20+00:00","dateModified":"2021-12-15T21:50:06+00:00","breadcrumb":{"@id":"https:\/\/latonnarahotel.com\/privacy-policy\/#breadcrumb"},"inLanguage":"en-GB","potentialAction":[{"@type":"ReadAction","target":["https:\/\/latonnarahotel.com\/privacy-policy\/"]}]},{"@type":"BreadcrumbList","@id":"https:\/\/latonnarahotel.com\/privacy-policy\/#breadcrumb","itemListElement":[{"@type":"ListItem","position":1,"name":"Home","item":"https:\/\/latonnarahotel.com\/"},{"@type":"ListItem","position":2,"name":"Privacy &#038; Policy"}]},{"@type":"WebSite","@id":"https:\/\/latonnarahotel.com\/#website","url":"https:\/\/latonnarahotel.com\/","name":"La Tonnara Hotel Procida","description":"Hotel - Isola di Procida","publisher":{"@id":"https:\/\/latonnarahotel.com\/#organization"},"potentialAction":[{"@type":"SearchAction","target":{"@type":"EntryPoint","urlTemplate":"https:\/\/latonnarahotel.com\/?s={search_term_string}"},"query-input":{"@type":"PropertyValueSpecification","valueRequired":true,"valueName":"search_term_string"}}],"inLanguage":"en-GB"},{"@type":"Organization","@id":"https:\/\/latonnarahotel.com\/#organization","name":"La Tonnara Hotel Procida","url":"https:\/\/latonnarahotel.com\/","logo":{"@type":"ImageObject","inLanguage":"en-GB","@id":"https:\/\/latonnarahotel.com\/#\/schema\/logo\/image\/","url":"https:\/\/latonnarahotel.com\/wp-content\/uploads\/2021\/12\/logo.png","contentUrl":"https:\/\/latonnarahotel.com\/wp-content\/uploads\/2021\/12\/logo.png","width":600,"height":200,"caption":"La Tonnara Hotel Procida"},"image":{"@id":"https:\/\/latonnarahotel.com\/#\/schema\/logo\/image\/"},"sameAs":["https:\/\/www.facebook.com\/latonnarahotel","https:\/\/instagram.com\/latonnara.hotel?utm_medium=copy_link"]}]}},"_links":{"self":[{"href":"https:\/\/latonnarahotel.com\/en\/wp-json\/wp\/v2\/pages\/2","targetHints":{"allow":["GET"]}}],"collection":[{"href":"https:\/\/latonnarahotel.com\/en\/wp-json\/wp\/v2\/pages"}],"about":[{"href":"https:\/\/latonnarahotel.com\/en\/wp-json\/wp\/v2\/types\/page"}],"author":[{"embeddable":true,"href":"https:\/\/latonnarahotel.com\/en\/wp-json\/wp\/v2\/users\/1"}],"replies":[{"embeddable":true,"href":"https:\/\/latonnarahotel.com\/en\/wp-json\/wp\/v2\/comments?post=2"}],"version-history":[{"count":7,"href":"https:\/\/latonnarahotel.com\/en\/wp-json\/wp\/v2\/pages\/2\/revisions"}],"predecessor-version":[{"id":354,"href":"https:\/\/latonnarahotel.com\/en\/wp-json\/wp\/v2\/pages\/2\/revisions\/354"}],"wp:attachment":[{"href":"https:\/\/latonnarahotel.com\/en\/wp-json\/wp\/v2\/media?parent=2"}],"curies":[{"name":"wp","href":"https:\/\/api.w.org\/{rel}","templated":true}]}}